{"id":2795,"date":"2021-05-25T09:46:20","date_gmt":"2021-05-25T09:46:20","guid":{"rendered":"http:\/\/kunsthallebega.ro\/publicatii\/"},"modified":"2026-03-13T09:18:34","modified_gmt":"2026-03-13T09:18:34","slug":"publications","status":"publish","type":"page","link":"https:\/\/kunsthallebega.ro\/en\/publications\/","title":{"rendered":"Publications"},"content":{"rendered":"\n<div class=\"offcanvas-content laurian-pdf\" style=\"width: 100%; height: 100vh;\"><a href=\"https:\/\/kunsthallebega.ro\/wp-content\/uploads\/2023\/01\/popa-laurian-soft-objects.pdf\" class=\"pdfemb-viewer\" style=\"\" data-width=\"max\" data-height=\"max\" data-mobile-width=\"500\"  data-scrollbar=\"none\" data-download=\"on\" data-tracking=\"on\" data-newwindow=\"on\" data-pagetextbox=\"off\" data-scrolltotop=\"off\" data-startzoom=\"100\" data-startfpzoom=\"100\" data-toolbar=\"bottom\" data-toolbar-fixed=\"off\">popa-laurian-soft-objects<br\/><\/a><\/div>\n\n\n\n<figure class=\"wp-block-image size-full\"><img decoding=\"async\" src=\"https:\/\/kunsthallebega.ro\/wp-content\/uploads\/2026\/03\/wisdom-in-the-absence-of-power-structures-0.jpg\" alt=\"Wisdom in the Absence of Power Structures\" class=\"wp-image-5547\"\/><figcaption class=\"wp-element-caption\"><em>Georgia \u021aidorescu\u00a0<br><\/em>Wisdom in the Absence of Power Structures\u00a0<br><\/figcaption><\/figure>\n\n\n\n<figure class=\"wp-block-image size-full\"><img decoding=\"async\" src=\"https:\/\/kunsthallebega.ro\/wp-content\/uploads\/2023\/01\/Kunsthalle-Bega-Box-1.webp\" alt=\"Kunsthalle Bega Box\" class=\"wp-image-3993\"\/><figcaption class=\"wp-element-caption\"><em>Kunsthalle Bega Box<\/em><br>Horea Avram, Kilobase Bucharest, Alina Cristescu, Dana Diminescu, Anca Verona Mihule\u021b, Iris Ordean, Mihai Pop, Laurian Popa, Maria Orosan Telea, Dan Vezentan<\/figcaption><\/figure>\n\n\n\n<figure class=\"wp-block-image size-full deschide-offcanvas laurian-pdf\"><img loading=\"lazy\" decoding=\"async\" width=\"1000\" height=\"1000\" src=\"https:\/\/kunsthallebega.ro\/wp-content\/uploads\/2022\/12\/Popa-Laurian-Soft-Objects-1.webp\" alt=\"Popa Laurian Soft Objects\" class=\"wp-image-3939\" srcset=\"https:\/\/kunsthallebega.ro\/wp-content\/uploads\/2022\/12\/Popa-Laurian-Soft-Objects-1.webp 1000w, https:\/\/kunsthallebega.ro\/wp-content\/uploads\/2022\/12\/Popa-Laurian-Soft-Objects-1-300x300.webp 300w, https:\/\/kunsthallebega.ro\/wp-content\/uploads\/2022\/12\/Popa-Laurian-Soft-Objects-1-150x150.webp 150w, https:\/\/kunsthallebega.ro\/wp-content\/uploads\/2022\/12\/Popa-Laurian-Soft-Objects-1-768x768.webp 768w\" sizes=\"auto, (max-width: 1000px) 100vw, 1000px\" \/><figcaption class=\"wp-element-caption\"><em>Soft Objects<\/em><br>Laurian Popa&nbsp;<\/figcaption><\/figure>\n\n\n\n<figure class=\"wp-block-image size-full\"><img loading=\"lazy\" decoding=\"async\" width=\"1000\" height=\"1000\" src=\"https:\/\/kunsthallebega.ro\/wp-content\/uploads\/2022\/09\/Bogdan-Rata.webp\" alt=\"\" class=\"wp-image-3869\" srcset=\"https:\/\/kunsthallebega.ro\/wp-content\/uploads\/2022\/09\/Bogdan-Rata.webp 1000w, https:\/\/kunsthallebega.ro\/wp-content\/uploads\/2022\/09\/Bogdan-Rata-300x300.webp 300w, https:\/\/kunsthallebega.ro\/wp-content\/uploads\/2022\/09\/Bogdan-Rata-150x150.webp 150w, https:\/\/kunsthallebega.ro\/wp-content\/uploads\/2022\/09\/Bogdan-Rata-768x768.webp 768w\" sizes=\"auto, (max-width: 1000px) 100vw, 1000px\" \/><figcaption class=\"wp-element-caption\"><em>Materials, Processes, Techniques and Technologies for Sculpture<\/em>&nbsp;<br>Bogdan Ra\u021ba<\/figcaption><\/figure>\n\n\n\n<figure class=\"wp-block-image size-full\"><img decoding=\"async\" src=\"https:\/\/kunsthallebega.ro\/wp-content\/uploads\/2023\/01\/Szenaizmok-szalaghegyen.webp\" alt=\"Sz\u00e9naizmok szalaghegyen\" class=\"wp-image-3995\"\/><figcaption class=\"wp-element-caption\"><em>Haystacks and On the Mountain of Ribbons<\/em><br>Ol\u00e1h Gy\u00e1rf\u00e1s, &nbsp;Dana Diminescu<\/figcaption><\/figure>\n\n\n\n<figure class=\"wp-block-image size-full\"><img decoding=\"async\" src=\"https:\/\/kunsthallebega.ro\/wp-content\/uploads\/2023\/01\/Cronicile-viitorilor-supereroi.webp\" alt=\"Cronicile viitorilor supereroi\" class=\"wp-image-3998\"\/><figcaption class=\"wp-element-caption\"><em>Chronicles of the Future Superheroes<\/em><br>Anca Verona Mihule\u021b, Jaeyong Park, Hyo Gyoung Jeon<\/figcaption><\/figure>\n\n\n\n<figure class=\"wp-block-image size-full\"><img loading=\"lazy\" decoding=\"async\" width=\"1000\" height=\"1000\" src=\"https:\/\/kunsthallebega.ro\/wp-content\/uploads\/2022\/05\/stories.webp\" alt=\"povestile tablourilor\" class=\"wp-image-3703\" srcset=\"https:\/\/kunsthallebega.ro\/wp-content\/uploads\/2022\/05\/stories.webp 1000w, https:\/\/kunsthallebega.ro\/wp-content\/uploads\/2022\/05\/stories-300x300.webp 300w, https:\/\/kunsthallebega.ro\/wp-content\/uploads\/2022\/05\/stories-150x150.webp 150w, https:\/\/kunsthallebega.ro\/wp-content\/uploads\/2022\/05\/stories-768x768.webp 768w\" sizes=\"auto, (max-width: 1000px) 100vw, 1000px\" \/><figcaption class=\"wp-element-caption\"><em>The Paintings Stories<\/em><br>Maria Orosan-Telea<\/figcaption><\/figure>\n\n\n\n<figure class=\"wp-block-image size-full\"><img loading=\"lazy\" decoding=\"async\" width=\"1000\" height=\"1000\" src=\"https:\/\/kunsthallebega.ro\/wp-content\/uploads\/2022\/05\/introducere.webp\" alt=\"Introducere \u00een arta contemporan\u0103\" class=\"wp-image-3701\" srcset=\"https:\/\/kunsthallebega.ro\/wp-content\/uploads\/2022\/05\/introducere.webp 1000w, https:\/\/kunsthallebega.ro\/wp-content\/uploads\/2022\/05\/introducere-300x300.webp 300w, https:\/\/kunsthallebega.ro\/wp-content\/uploads\/2022\/05\/introducere-150x150.webp 150w, https:\/\/kunsthallebega.ro\/wp-content\/uploads\/2022\/05\/introducere-768x768.webp 768w\" sizes=\"auto, (max-width: 1000px) 100vw, 1000px\" \/><figcaption class=\"wp-element-caption\"><em><em>Introducere \u00een arta contemporan\u0103<\/em><\/em><br>Mihai Zgondoiu<\/figcaption><\/figure>\n\n\n\n<figure class=\"wp-block-image size-large\"><img loading=\"lazy\" decoding=\"async\" width=\"1000\" height=\"1000\" src=\"http:\/\/kunsthallebega.ro\/wp-content\/uploads\/2021\/05\/Bogdan-Rata-Recent-Works.jpg\" alt=\"Bogdan Rata Recent Works\" class=\"wp-image-2695\" srcset=\"https:\/\/kunsthallebega.ro\/wp-content\/uploads\/2021\/05\/Bogdan-Rata-Recent-Works.jpg 1000w, https:\/\/kunsthallebega.ro\/wp-content\/uploads\/2021\/05\/Bogdan-Rata-Recent-Works-300x300.jpg 300w, https:\/\/kunsthallebega.ro\/wp-content\/uploads\/2021\/05\/Bogdan-Rata-Recent-Works-150x150.jpg 150w, https:\/\/kunsthallebega.ro\/wp-content\/uploads\/2021\/05\/Bogdan-Rata-Recent-Works-768x768.jpg 768w, https:\/\/kunsthallebega.ro\/wp-content\/uploads\/2021\/05\/Bogdan-Rata-Recent-Works-640x640.jpg 640w, https:\/\/kunsthallebega.ro\/wp-content\/uploads\/2021\/05\/Bogdan-Rata-Recent-Works-500x500.jpg 500w\" sizes=\"auto, (max-width: 1000px) 100vw, 1000px\" \/><figcaption class=\"wp-element-caption\"><em>Bogdan Ra\u021ba Recent Works<\/em><br>C\u0103lin Dan, Beral Madra, Alina Cristescu \/ Bogdan Ra\u021ba<\/figcaption><\/figure>\n\n\n\n<figure class=\"wp-block-image size-large\"><img loading=\"lazy\" decoding=\"async\" width=\"1000\" height=\"1000\" src=\"http:\/\/kunsthallebega.ro\/wp-content\/uploads\/2021\/05\/Sensul-sculpturii.jpg\" alt=\"sensul-sculpturii\" class=\"wp-image-2697\" srcset=\"https:\/\/kunsthallebega.ro\/wp-content\/uploads\/2021\/05\/Sensul-sculpturii.jpg 1000w, https:\/\/kunsthallebega.ro\/wp-content\/uploads\/2021\/05\/Sensul-sculpturii-300x300.jpg 300w, https:\/\/kunsthallebega.ro\/wp-content\/uploads\/2021\/05\/Sensul-sculpturii-150x150.jpg 150w, https:\/\/kunsthallebega.ro\/wp-content\/uploads\/2021\/05\/Sensul-sculpturii-768x768.jpg 768w, https:\/\/kunsthallebega.ro\/wp-content\/uploads\/2021\/05\/Sensul-sculpturii-640x640.jpg 640w, https:\/\/kunsthallebega.ro\/wp-content\/uploads\/2021\/05\/Sensul-sculpturii-500x500.jpg 500w\" sizes=\"auto, (max-width: 1000px) 100vw, 1000px\" \/><figcaption class=\"wp-element-caption\"><em>Sensul sculpturii<\/em> <br>Liviana Dan<\/figcaption><\/figure>\n\n\n\n<figure class=\"wp-block-image size-large\"><img loading=\"lazy\" decoding=\"async\" width=\"1000\" height=\"1000\" src=\"http:\/\/kunsthallebega.ro\/wp-content\/uploads\/2021\/05\/Later-edit.jpg\" alt=\"later edit\" class=\"wp-image-2699\" srcset=\"https:\/\/kunsthallebega.ro\/wp-content\/uploads\/2021\/05\/Later-edit.jpg 1000w, https:\/\/kunsthallebega.ro\/wp-content\/uploads\/2021\/05\/Later-edit-300x300.jpg 300w, https:\/\/kunsthallebega.ro\/wp-content\/uploads\/2021\/05\/Later-edit-150x150.jpg 150w, https:\/\/kunsthallebega.ro\/wp-content\/uploads\/2021\/05\/Later-edit-768x768.jpg 768w, https:\/\/kunsthallebega.ro\/wp-content\/uploads\/2021\/05\/Later-edit-640x640.jpg 640w, https:\/\/kunsthallebega.ro\/wp-content\/uploads\/2021\/05\/Later-edit-500x500.jpg 500w\" sizes=\"auto, (max-width: 1000px) 100vw, 1000px\" \/><figcaption class=\"wp-element-caption\"><em>Later Edit<\/em><br>Maria Orosan-Telea<\/figcaption><\/figure>\n\n\n\n<figure class=\"wp-block-image size-large\"><img loading=\"lazy\" decoding=\"async\" width=\"1000\" height=\"1000\" src=\"http:\/\/kunsthallebega.ro\/wp-content\/uploads\/2021\/05\/Echinoctiu-Serban-Savu.jpg\" alt=\"Echinoc\u021biu Serban Savu\" class=\"wp-image-2701\" srcset=\"https:\/\/kunsthallebega.ro\/wp-content\/uploads\/2021\/05\/Echinoctiu-Serban-Savu.jpg 1000w, https:\/\/kunsthallebega.ro\/wp-content\/uploads\/2021\/05\/Echinoctiu-Serban-Savu-300x300.jpg 300w, https:\/\/kunsthallebega.ro\/wp-content\/uploads\/2021\/05\/Echinoctiu-Serban-Savu-150x150.jpg 150w, https:\/\/kunsthallebega.ro\/wp-content\/uploads\/2021\/05\/Echinoctiu-Serban-Savu-768x768.jpg 768w, https:\/\/kunsthallebega.ro\/wp-content\/uploads\/2021\/05\/Echinoctiu-Serban-Savu-640x640.jpg 640w, https:\/\/kunsthallebega.ro\/wp-content\/uploads\/2021\/05\/Echinoctiu-Serban-Savu-500x500.jpg 500w\" sizes=\"auto, (max-width: 1000px) 100vw, 1000px\" \/><figcaption class=\"wp-element-caption\"><em>\u0218erban Savu<\/em> <em>Echinoc\u021biu<\/em><br>Cristina Belig\u0103r, Mihai Pop<\/figcaption><\/figure>\n\n\n\n<figure class=\"wp-block-image size-large\"><img loading=\"lazy\" decoding=\"async\" width=\"1000\" height=\"1000\" src=\"http:\/\/kunsthallebega.ro\/wp-content\/uploads\/2021\/05\/Lay-me-down.jpg\" alt=\"Lay me down\" class=\"wp-image-2703\" srcset=\"https:\/\/kunsthallebega.ro\/wp-content\/uploads\/2021\/05\/Lay-me-down.jpg 1000w, https:\/\/kunsthallebega.ro\/wp-content\/uploads\/2021\/05\/Lay-me-down-300x300.jpg 300w, https:\/\/kunsthallebega.ro\/wp-content\/uploads\/2021\/05\/Lay-me-down-150x150.jpg 150w, https:\/\/kunsthallebega.ro\/wp-content\/uploads\/2021\/05\/Lay-me-down-768x768.jpg 768w, https:\/\/kunsthallebega.ro\/wp-content\/uploads\/2021\/05\/Lay-me-down-640x640.jpg 640w, https:\/\/kunsthallebega.ro\/wp-content\/uploads\/2021\/05\/Lay-me-down-500x500.jpg 500w\" sizes=\"auto, (max-width: 1000px) 100vw, 1000px\" \/><figcaption class=\"wp-element-caption\"><em>Lay Me Down Across the Lines<\/em> <br>Valentina Iancu<\/figcaption><\/figure>\n\n\n\n<figure class=\"wp-block-image size-large\"><img loading=\"lazy\" decoding=\"async\" width=\"1000\" height=\"1000\" src=\"http:\/\/kunsthallebega.ro\/wp-content\/uploads\/2021\/05\/Seeing-time.jpg\" alt=\"Seeing time\" class=\"wp-image-2707\" srcset=\"https:\/\/kunsthallebega.ro\/wp-content\/uploads\/2021\/05\/Seeing-time.jpg 1000w, https:\/\/kunsthallebega.ro\/wp-content\/uploads\/2021\/05\/Seeing-time-300x300.jpg 300w, https:\/\/kunsthallebega.ro\/wp-content\/uploads\/2021\/05\/Seeing-time-150x150.jpg 150w, https:\/\/kunsthallebega.ro\/wp-content\/uploads\/2021\/05\/Seeing-time-768x768.jpg 768w, https:\/\/kunsthallebega.ro\/wp-content\/uploads\/2021\/05\/Seeing-time-640x640.jpg 640w, https:\/\/kunsthallebega.ro\/wp-content\/uploads\/2021\/05\/Seeing-time-500x500.jpg 500w\" sizes=\"auto, (max-width: 1000px) 100vw, 1000px\" \/><figcaption class=\"wp-element-caption\"><em>Seeng Time <\/em><br>Liviana Dan<\/figcaption><\/figure>\n\n\n\n<figure class=\"wp-block-image size-large\"><img loading=\"lazy\" decoding=\"async\" width=\"1000\" height=\"1000\" src=\"http:\/\/kunsthallebega.ro\/wp-content\/uploads\/2021\/05\/Fundatia-Calina.jpg\" alt=\"Fundatia Calina\" class=\"wp-image-2709\" srcset=\"https:\/\/kunsthallebega.ro\/wp-content\/uploads\/2021\/05\/Fundatia-Calina.jpg 1000w, https:\/\/kunsthallebega.ro\/wp-content\/uploads\/2021\/05\/Fundatia-Calina-300x300.jpg 300w, https:\/\/kunsthallebega.ro\/wp-content\/uploads\/2021\/05\/Fundatia-Calina-150x150.jpg 150w, https:\/\/kunsthallebega.ro\/wp-content\/uploads\/2021\/05\/Fundatia-Calina-768x768.jpg 768w, https:\/\/kunsthallebega.ro\/wp-content\/uploads\/2021\/05\/Fundatia-Calina-640x640.jpg 640w, https:\/\/kunsthallebega.ro\/wp-content\/uploads\/2021\/05\/Fundatia-Calina-500x500.jpg 500w\" sizes=\"auto, (max-width: 1000px) 100vw, 1000px\" \/><figcaption class=\"wp-element-caption\"><em>Calina Spa\u021biu de art\u0103 contemporan\u0103<\/em><br>Funda\u021bia Calina<\/figcaption><\/figure>\n\n\n\n<figure class=\"wp-block-image size-large\"><img loading=\"lazy\" decoding=\"async\" width=\"1000\" height=\"1000\" src=\"http:\/\/kunsthallebega.ro\/wp-content\/uploads\/2021\/05\/Desenul-Liviana-Dan.jpg\" alt=\"Desenul Liviana Dan\" class=\"wp-image-2711\" srcset=\"https:\/\/kunsthallebega.ro\/wp-content\/uploads\/2021\/05\/Desenul-Liviana-Dan.jpg 1000w, https:\/\/kunsthallebega.ro\/wp-content\/uploads\/2021\/05\/Desenul-Liviana-Dan-300x300.jpg 300w, https:\/\/kunsthallebega.ro\/wp-content\/uploads\/2021\/05\/Desenul-Liviana-Dan-150x150.jpg 150w, https:\/\/kunsthallebega.ro\/wp-content\/uploads\/2021\/05\/Desenul-Liviana-Dan-768x768.jpg 768w, https:\/\/kunsthallebega.ro\/wp-content\/uploads\/2021\/05\/Desenul-Liviana-Dan-640x640.jpg 640w, https:\/\/kunsthallebega.ro\/wp-content\/uploads\/2021\/05\/Desenul-Liviana-Dan-500x500.jpg 500w\" sizes=\"auto, (max-width: 1000px) 100vw, 1000px\" \/><figcaption class=\"wp-element-caption\"><em>Desenul Sans Rivages&nbsp; <br>The Installation Projects<\/em><br>Liviana Dan<\/figcaption><\/figure>\n","protected":false},"excerpt":{"rendered":"","protected":false},"author":1,"featured_media":0,"parent":0,"menu_order":0,"comment_status":"closed","ping_status":"closed","template":"","meta":{"_acf_changed":false,"_crdt_document":"","footnotes":""},"class_list":["post-2795","page","type-page","status-publish","hentry","entry"],"acf":[],"_links":{"self":[{"href":"https:\/\/kunsthallebega.ro\/en\/wp-json\/wp\/v2\/pages\/2795","targetHints":{"allow":["GET"]}}],"collection":[{"href":"https:\/\/kunsthallebega.ro\/en\/wp-json\/wp\/v2\/pages"}],"about":[{"href":"https:\/\/kunsthallebega.ro\/en\/wp-json\/wp\/v2\/types\/page"}],"author":[{"embeddable":true,"href":"https:\/\/kunsthallebega.ro\/en\/wp-json\/wp\/v2\/users\/1"}],"replies":[{"embeddable":true,"href":"https:\/\/kunsthallebega.ro\/en\/wp-json\/wp\/v2\/comments?post=2795"}],"version-history":[{"count":15,"href":"https:\/\/kunsthallebega.ro\/en\/wp-json\/wp\/v2\/pages\/2795\/revisions"}],"predecessor-version":[{"id":5549,"href":"https:\/\/kunsthallebega.ro\/en\/wp-json\/wp\/v2\/pages\/2795\/revisions\/5549"}],"wp:attachment":[{"href":"https:\/\/kunsthallebega.ro\/en\/wp-json\/wp\/v2\/media?parent=2795"}],"curies":[{"name":"wp","href":"https:\/\/api.w.org\/{rel}","templated":true}]}}