{"id":3416,"date":"2021-11-22T09:01:45","date_gmt":"2021-11-22T09:01:45","guid":{"rendered":"https:\/\/kunsthallebega.ro\/scoala-kunsthalle-bega\/"},"modified":"2025-01-30T14:13:56","modified_gmt":"2025-01-30T14:13:56","slug":"scoala-kunsthalle-bega","status":"publish","type":"page","link":"https:\/\/kunsthallebega.ro\/en\/scoala-kunsthalle-bega\/","title":{"rendered":"Kunsthalle Bega School"},"content":{"rendered":"\n<h1 class=\"wp-block-heading\"><em>Kunsthalle Bega School<\/em><\/h1>\n\n\n\n<p class=\"wp-block-paragraph\">Through the Calina Foundation, Kunsthalle Bega creates a new educational space for children and adolescents &#8211; <em>Kunsthalle Bega School<\/em>. Courses such as <em>Introduction to Contemporary Art<\/em>, <em>Art History for Children<\/em>, <em>Metakitchen<\/em>, <em>The Sculptures of the Future Superheroes<\/em> and <em>Me, My Emotions and Art<\/em> offer interactive ways to study adapted to different age groups.<\/p>\n\n\n\n<div style=\"height:30px\" aria-hidden=\"true\" class=\"wp-block-spacer\"><\/div>\n\n\n\n<p class=\"wp-block-paragraph\"><em>\u0218coala Kunsthalle \u2013 spa\u021biu de proiecte creative \u0219i educa\u021bionale<\/em> is a cultural project, funded by Centrul de Proiecte Timi\u0219oara, and supported by Prim\u0103ria Municipiului Timi\u0219oara \u015fi al Consiliului Local Timi\u015foara. Co-finan\u021batori: Administra\u021bia Fondului Cultural Na\u021bional<br>(AFCN), Ordinul Arhitec\u021bilor din Rom\u00e2nia (OAR). Partners: Gr\u0103dinescu Timi\u015foara &#8211; GreenFeel, Ordinul Arhitec\u021bilor din Rom\u00e2nia &#8211; Filiala Timi\u0219, Sfera Timi\u0219oarei, Inspectoratul \u0218colar Jude\u021bean Timi\u0219, Universitatea de Vest din Timi\u0219oara &#8211; Facultatea de Arte \u0219i Design,<br>Funda\u021bia Herczeg, PUNCH, Biblioteca Pavilion, de-a arhitectura, The Institute. Media partners: Radio Rom\u00e2nia Cultural, Revista ARTA, Revista Zeppelin, Igloo media, Observator cultural, Modernism Punct Ro, Propagarta, IQads\/SMARK, Rena\u0219terea b\u0103n\u0103\u021bean\u0103, AgentiadeCarte Ro, \u0218tiri Pentru Copii.<\/p>\n","protected":false},"excerpt":{"rendered":"<p>Kunsthalle Bega School Through the Calina Foundation, Kunsthalle Bega creates a new educational space for children and adolescents &#8211; Kunsthalle Bega School. Courses such as Introduction to Contemporary Art, Art History for Children, Metakitchen, The Sculptures of the Future Superheroes and Me, My Emotions and Art offer interactive ways to study adapted to different age&hellip; <a class=\"more-link\" href=\"https:\/\/kunsthallebega.ro\/en\/scoala-kunsthalle-bega\/\">Continue reading <span class=\"screen-reader-text\">Kunsthalle Bega School<\/span><\/a><\/p>\n","protected":false},"author":1,"featured_media":0,"parent":0,"menu_order":0,"comment_status":"closed","ping_status":"closed","template":"","meta":{"_acf_changed":false,"_crdt_document":"","footnotes":""},"class_list":["post-3416","page","type-page","status-publish","hentry","entry"],"acf":[],"_links":{"self":[{"href":"https:\/\/kunsthallebega.ro\/en\/wp-json\/wp\/v2\/pages\/3416","targetHints":{"allow":["GET"]}}],"collection":[{"href":"https:\/\/kunsthallebega.ro\/en\/wp-json\/wp\/v2\/pages"}],"about":[{"href":"https:\/\/kunsthallebega.ro\/en\/wp-json\/wp\/v2\/types\/page"}],"author":[{"embeddable":true,"href":"https:\/\/kunsthallebega.ro\/en\/wp-json\/wp\/v2\/users\/1"}],"replies":[{"embeddable":true,"href":"https:\/\/kunsthallebega.ro\/en\/wp-json\/wp\/v2\/comments?post=3416"}],"version-history":[{"count":3,"href":"https:\/\/kunsthallebega.ro\/en\/wp-json\/wp\/v2\/pages\/3416\/revisions"}],"predecessor-version":[{"id":4819,"href":"https:\/\/kunsthallebega.ro\/en\/wp-json\/wp\/v2\/pages\/3416\/revisions\/4819"}],"wp:attachment":[{"href":"https:\/\/kunsthallebega.ro\/en\/wp-json\/wp\/v2\/media?parent=3416"}],"curies":[{"name":"wp","href":"https:\/\/api.w.org\/{rel}","templated":true}]}}